{"id":82,"date":"2017-09-14T20:27:39","date_gmt":"2017-09-14T18:27:39","guid":{"rendered":"http:\/\/aux2saveurs66.com\/?page_id=82"},"modified":"2021-06-05T17:31:21","modified_gmt":"2021-06-05T15:31:21","slug":"contact","status":"publish","type":"page","link":"https:\/\/aux2saveurs66.com\/index.php\/contact\/","title":{"rendered":"Contact"},"content":{"rendered":"<p><strong>Vous souhaitez nous demander des informations compl\u00e9mentaires alors n&#8217;h\u00e9sitez pas \u00e0 la faire par t\u00e9l\u00e9phone\u00a0 au 04 68 63 27 37 ou remplissez ce formulaire:<\/strong><\/p>\n<div role=\"form\" class=\"wpcf7\" id=\"wpcf7-f87-o1\" lang=\"en-US\" dir=\"ltr\">\n<div class=\"screen-reader-response\"><\/div>\n<form action=\"\/index.php\/wp-json\/wp\/v2\/pages\/82#wpcf7-f87-o1\" method=\"post\" class=\"wpcf7-form\" novalidate=\"novalidate\">\n<div style=\"display: none;\">\n<input type=\"hidden\" name=\"_wpcf7\" value=\"87\" \/>\n<input type=\"hidden\" name=\"_wpcf7_version\" value=\"5.0.1\" \/>\n<input type=\"hidden\" name=\"_wpcf7_locale\" value=\"en_US\" \/>\n<input type=\"hidden\" name=\"_wpcf7_unit_tag\" value=\"wpcf7-f87-o1\" \/>\n<input type=\"hidden\" name=\"_wpcf7_container_post\" value=\"0\" \/>\n<\/div>\n<p><label> Votre nom (obligatoire)<br \/>\n    <span class=\"wpcf7-form-control-wrap your-name\"><input type=\"text\" name=\"your-name\" value=\"\" size=\"40\" class=\"wpcf7-form-control wpcf7-text wpcf7-validates-as-required\" aria-required=\"true\" aria-invalid=\"false\" \/><\/span> <\/label><\/p>\n<p><label> Votre e-mail (obligatoire)<br \/>\n    <span class=\"wpcf7-form-control-wrap your-email\"><input type=\"email\" name=\"your-email\" value=\"\" size=\"40\" class=\"wpcf7-form-control wpcf7-text wpcf7-email wpcf7-validates-as-required wpcf7-validates-as-email\" aria-required=\"true\" aria-invalid=\"false\" \/><\/span> <\/label><\/p>\n<p><label> Sujet<br \/>\n    <span class=\"wpcf7-form-control-wrap your-subject\"><input type=\"text\" name=\"your-subject\" value=\"\" size=\"40\" class=\"wpcf7-form-control wpcf7-text\" aria-invalid=\"false\" \/><\/span> <\/label><\/p>\n<p><label> Votre message<br \/>\n    <span class=\"wpcf7-form-control-wrap your-message\"><textarea name=\"your-message\" cols=\"40\" rows=\"10\" class=\"wpcf7-form-control wpcf7-textarea\" aria-invalid=\"false\"><\/textarea><\/span> <\/label><\/p>\n<p><input type=\"submit\" value=\"Envoyer\" class=\"wpcf7-form-control wpcf7-submit\" \/><\/p>\n<div class=\"wpcf7-response-output wpcf7-display-none\"><\/div><\/form><\/div>\n<p>&nbsp;<\/p>\n\n<div class=\"google-maps-builder-wrap\">\n\n\t<div id=\"google-maps-builder-269\" class=\"google-maps-builder\"  data-map-id=\"269\" style=\"width:100%; height:600px\"><\/div>\n\n\t\n<\/div>\n\n<p>&nbsp;<\/p>\n<p><img loading=\"lazy\" class=\"aligncenter wp-image-224 size-full\" src=\"http:\/\/aux2saveurs66.com\/wp-content\/uploads\/2017\/09\/pyrenees-1689984_1920.jpg\" alt=\"\" width=\"1920\" height=\"1080\" srcset=\"https:\/\/aux2saveurs66.com\/wp-content\/uploads\/2017\/09\/pyrenees-1689984_1920.jpg 1920w, https:\/\/aux2saveurs66.com\/wp-content\/uploads\/2017\/09\/pyrenees-1689984_1920-300x169.jpg 300w, https:\/\/aux2saveurs66.com\/wp-content\/uploads\/2017\/09\/pyrenees-1689984_1920-768x432.jpg 768w, https:\/\/aux2saveurs66.com\/wp-content\/uploads\/2017\/09\/pyrenees-1689984_1920-1024x576.jpg 1024w\" sizes=\"(max-width: 1920px) 100vw, 1920px\" \/><\/p>\n","protected":false},"excerpt":{"rendered":"<p>Vous souhaitez nous demander des informations compl\u00e9mentaires alors n&#8217;h\u00e9sitez pas \u00e0 la faire par t\u00e9l\u00e9phone\u00a0 au 04 68 63 27 37 ou remplissez ce formulaire: &nbsp;<span class=\"excerpt-hellip\"> [\u2026]<\/span><\/p>\n","protected":false},"author":1,"featured_media":0,"parent":0,"menu_order":5,"comment_status":"closed","ping_status":"closed","template":"","meta":[],"_links":{"self":[{"href":"https:\/\/aux2saveurs66.com\/index.php\/wp-json\/wp\/v2\/pages\/82"}],"collection":[{"href":"https:\/\/aux2saveurs66.com\/index.php\/wp-json\/wp\/v2\/pages"}],"about":[{"href":"https:\/\/aux2saveurs66.com\/index.php\/wp-json\/wp\/v2\/types\/page"}],"author":[{"embeddable":true,"href":"https:\/\/aux2saveurs66.com\/index.php\/wp-json\/wp\/v2\/users\/1"}],"replies":[{"embeddable":true,"href":"https:\/\/aux2saveurs66.com\/index.php\/wp-json\/wp\/v2\/comments?post=82"}],"version-history":[{"count":12,"href":"https:\/\/aux2saveurs66.com\/index.php\/wp-json\/wp\/v2\/pages\/82\/revisions"}],"predecessor-version":[{"id":89,"href":"https:\/\/aux2saveurs66.com\/index.php\/wp-json\/wp\/v2\/pages\/82\/revisions\/89"}],"wp:attachment":[{"href":"https:\/\/aux2saveurs66.com\/index.php\/wp-json\/wp\/v2\/media?parent=82"}],"curies":[{"name":"wp","href":"https:\/\/api.w.org\/{rel}","templated":true}]}}